{"id":274,"date":"2017-02-24T07:55:29","date_gmt":"2017-02-24T07:55:29","guid":{"rendered":"http:\/\/an.captcha.com.co\/?page_id=274"},"modified":"2019-11-16T12:54:25","modified_gmt":"2019-11-16T17:54:25","slug":"cincuentenario-del-primer-congreso","status":"publish","type":"page","link":"https:\/\/www.aciamericas.coop\/xxiconferencia\/cincuentenario-del-primer-congreso\/","title":{"rendered":"Congreso Continental de Derecho Cooperativo"},"content":{"rendered":"<div  class=\"one withsmallpadding ppb_header \" style=\"background-position: center top;text-align:center;padding:40px 0 40px 0;\" >\n<div class=\"overlay_background\" style=\"background:#292929;background:rgb(41,41,41,0);background:rgba(41,41,41,0);\"><\/div>\n<div class=\"standard_wrapper\">\n<div class=\"page_content_wrapper\">\n<div class=\"inner\">\n<div style=\"margin:auto;width:100%\">\n<h2 class=\"ppb_title\" style=\";text-align:center;\">Programa del congreso continental del derecho cooperativo<\/h2>\n<div class=\"ppb_header_content\">\n<p><a class=\"button large\" href=\"https:\/\/www.aciamericas.coop\/xxiconferencia\/wp-content\/uploads\/2019\/11\/Programa-Final-Congreso.pdf\" target=\"_blank\" rel=\"noopener noreferrer\">Ag\u00e9ndate<\/a><\/p>\n<\/div>\n<\/div>\n<\/div>\n<\/div>\n<\/div>\n<\/div>\n<div  class=\"one\" >\n<div class=\"standard_wrapper\">\n<div class=\"page_content_wrapper\">\n<div class=\"inner\">\n<div class=\"one_half\">\n<div class=\"image_classic_frame expand\">\n<div class=\"image_wrapper\"><a href=\"https:\/\/www.aciamericas.coop\/xxiconferencia\/wp-content\/uploads\/2019\/11\/Edificio_Cooperativo.jpg\" class=\"img_frame\"><img decoding=\"async\" src=\"https:\/\/www.aciamericas.coop\/xxiconferencia\/wp-content\/uploads\/2019\/11\/Edificio_Cooperativo.jpg\" alt=\"\" class=\"portfolio_img\"\/><\/a><\/div>\n<\/div>\n<\/div>\n<div class=\"one_half last content_middle\" style=\"padding:30px;\">\n<h2 class=\"ppb_title\" style=\"\">Edificio Cooperativo<\/h2>\n<div class=\"page_tagline\" style=\"\">\nEl Edificio Cooperativo es administrado por el INFOCOOP, all\u00ed adem\u00e1s de encontrar a nuestra oficinal hallar\u00e1 a otros organismos cooperativos como la Comisi\u00f3n Permanente de Cooperativas de Autogesti\u00f3n, el Centro de Estudios y Capacitaci\u00f3n Cooperativa R.L (CENECOOP R.L) y el Consejo Nacional de Cooperativas (Conacoop).<\/p>\n<p>Adem\u00e1s contamos con un auditorio para 290 personas y dos salas, una grande para un m\u00e1ximo de 50 personas y otra para m\u00e1ximo 15 personas. Estas salas est\u00e1n a disposici\u00f3n del p\u00fablico para actividades en las que se fomente, promueva, divulgue y apoye el cooperativismo en todos los niveles, bajo los lineamientos, fines y principios del INFOCOOP. Estas actividades pueden ser de econom\u00eda social, cultura democr\u00e1tica nacional, o cualquier otra actividad que por su relevancia se justifique.<\/p><\/div>\n<\/div>\n<p><br class=\"clear\"\/><\/div>\n<\/div>\n<\/div>\n<\/div>\n<div  class=\"one withsmallpadding ppb_header \" style=\"background-position: center top;text-align:center;padding:40px 0 40px 0;\" >\n<div class=\"overlay_background\" style=\"background:#292929;background:rgb(41,41,41,0);background:rgba(41,41,41,0);\"><\/div>\n<div class=\"standard_wrapper\">\n<div class=\"page_content_wrapper\">\n<div class=\"inner\">\n<div style=\"margin:auto;width:100%\">\n<h2 class=\"ppb_title\" style=\";text-align:center;\">Reg\u00edstrese Aqu\u00ed !<\/h2>\n<div class=\"ppb_header_content\">\n<p><a class=\"button large\" href=\"https:\/\/forms.gle\/V3DhoCnfCAGgHzJRA\" target=\"_blank\" rel=\"noopener noreferrer\"> Click Aqu\u00ed !<\/a><\/p>\n<\/div>\n<\/div>\n<\/div>\n<\/div>\n<\/div>\n<\/div>\n<div  class=\"one withsmallpadding ppb_header \" style=\"text-align:center;padding:40px 0 40px 0;\" >\n<div class=\"standard_wrapper\">\n<div class=\"page_content_wrapper\">\n<div class=\"inner\">\n<div style=\"margin:auto;width:100%\">\n<h2 class=\"ppb_title\" style=\";text-align:center;\">Art\u00edculos relacionados<\/h2>\n<\/div>\n<\/div>\n<\/div>\n<\/div>\n<\/div>\n<div class=\"standard_wrapper\">\n<div  class=\"ppb_blog_grid one nopadding\" style=\"padding:px 0 px 0;\" >\n<div class=\"page_content_wrapper\">\n<div class=\"inner\">\n<div class=\"inner_wrapper\">\n<div class=\"blog_grid_wrapper sidebar_content full_width ppb_blog_posts\">\n<div id=\"post-36\" class=\"post type-post hentry status-publish \">\n<div class=\"post_wrapper grid_layout\">\n<div class=\"post_header grid\">\n<div class=\"post_detail single_post\">\n\t\t\t\t    <span class=\"post_info_date\"><br \/>\n\t\t\t\t    \t<a href=\"https:\/\/www.aciamericas.coop\/xxiconferencia\/how-alphabets-project-loon-balloons-learned-to-loiter\/\" title=\"SECTOR COOPERATIVO DE AM\u00c9RICA SE RE\u00daNE EN C.R. PARA DISCUTIR OBJETIVOS DE DESARROLLO Y SOSTENIBILIDAD\">Noviembre 16, 2019<\/a><br \/>\n\t\t\t\t    <\/span>\n\t\t\t\t<\/div>\n<h6><a href=\"https:\/\/www.aciamericas.coop\/xxiconferencia\/how-alphabets-project-loon-balloons-learned-to-loiter\/\" title=\"SECTOR COOPERATIVO DE AM\u00c9RICA SE RE\u00daNE EN C.R. PARA DISCUTIR OBJETIVOS DE DESARROLLO Y SOSTENIBILIDAD\">SECTOR COOPERATIVO DE AM\u00c9RICA SE RE\u00daNE EN C.R. PARA DISCUTIR OBJETIVOS DE DESARROLLO Y SOSTENIBILIDAD<\/a><\/h6>\n<\/p><\/div>\n<div class=\"post_img small static\">\n\t\t    \t    \t<a href=\"https:\/\/www.aciamericas.coop\/xxiconferencia\/how-alphabets-project-loon-balloons-learned-to-loiter\/\"><br \/>\n\t\t    \t    \t\t<img decoding=\"async\" src=\"https:\/\/www.aciamericas.coop\/xxiconferencia\/wp-content\/uploads\/2017\/02\/Imagen2-960x636.jpg\" alt=\"SECTOR COOPERATIVO DE AM\u00c9RICA SE RE\u00daNE EN C.R. PARA DISCUTIR OBJETIVOS DE DESARROLLO Y SOSTENIBILIDAD\" class=\"\"\/><br \/>\n\t\t                <\/a>\n\t\t    \t    <\/div>\n<div class=\"post_header_wrapper\">\n<p>Del 18 al 20 de noviembre m\u00e1s de mil cooperativistas, autoridades nacionales&#8230;<\/p>\n<div class=\"post_button_wrapper\">\n\t\t\t    \t<a class=\"readmore\" href=\"https:\/\/www.aciamericas.coop\/xxiconferencia\/how-alphabets-project-loon-balloons-learned-to-loiter\/\">Read More<span class=\"ti-angle-right\"><\/span><\/a>\n\t\t\t\t\t<\/div>\n<\/p><\/div>\n<\/p><\/div>\n<\/p><\/div>\n<div id=\"post-39\" class=\"post type-post hentry status-publish \">\n<div class=\"post_wrapper grid_layout\">\n<div class=\"post_header grid\">\n<div class=\"post_detail single_post\">\n\t\t\t\t    <span class=\"post_info_date\"><br \/>\n\t\t\t\t    \t<a href=\"https:\/\/www.aciamericas.coop\/xxiconferencia\/student-job-finder-wayup-acquires-competitor-looksharp\/\" title=\"Encuentro Regional de Juventud Cooperativa \u201cJuventud 4.0:Emprendimiento, Innovaci\u00f3n, Comunicaci\u00f3n, Incidencia \u201c\">Noviembre 14, 2019<\/a><br \/>\n\t\t\t\t    <\/span>\n\t\t\t\t<\/div>\n<h6><a href=\"https:\/\/www.aciamericas.coop\/xxiconferencia\/student-job-finder-wayup-acquires-competitor-looksharp\/\" title=\"Encuentro Regional de Juventud Cooperativa \u201cJuventud 4.0:Emprendimiento, Innovaci\u00f3n, Comunicaci\u00f3n, Incidencia \u201c\">Encuentro Regional de Juventud Cooperativa \u201cJuventud 4.0:Emprendimiento, Innovaci\u00f3n, Comunicaci\u00f3n, Incidencia \u201c<\/a><\/h6>\n<\/p><\/div>\n<div class=\"post_img small static\">\n\t\t    \t    \t<a href=\"https:\/\/www.aciamericas.coop\/xxiconferencia\/student-job-finder-wayup-acquires-competitor-looksharp\/\"><br \/>\n\t\t    \t    \t\t<img decoding=\"async\" src=\"https:\/\/www.aciamericas.coop\/xxiconferencia\/wp-content\/uploads\/2017\/02\/29996901984_9c1472be2b_o-960x636.jpg\" alt=\"Encuentro Regional de Juventud Cooperativa \u201cJuventud 4.0:Emprendimiento, Innovaci\u00f3n, Comunicaci\u00f3n, Incidencia \u201c\" class=\"\"\/><br \/>\n\t\t                <\/a>\n\t\t    \t    <\/div>\n<div class=\"post_header_wrapper\">\n<p>El compromiso y la participaci\u00f3n de los j\u00f3venes es esencial para lograr el desarrollo&#8230;<\/p>\n<div class=\"post_button_wrapper\">\n\t\t\t    \t<a class=\"readmore\" href=\"https:\/\/www.aciamericas.coop\/xxiconferencia\/student-job-finder-wayup-acquires-competitor-looksharp\/\">Read More<span class=\"ti-angle-right\"><\/span><\/a>\n\t\t\t\t\t<\/div>\n<\/p><\/div>\n<\/p><\/div>\n<\/p><\/div>\n<div id=\"post-1560\" class=\"post type-post hentry status-publish last\">\n<div class=\"post_wrapper grid_layout\">\n<div class=\"post_header grid\">\n<div class=\"post_detail single_post\">\n\t\t\t\t    <span class=\"post_info_date\"><br \/>\n\t\t\t\t    \t<a href=\"https:\/\/www.aciamericas.coop\/xxiconferencia\/importantes-conferencistas-en-el-congreso-continental-de-derecho-cooperativo\/\" title=\"Importantes conferencistas en el  Congreso continental de Derecho Cooperativo\">Octubre 29, 2019<\/a><br \/>\n\t\t\t\t    <\/span>\n\t\t\t\t<\/div>\n<h6><a href=\"https:\/\/www.aciamericas.coop\/xxiconferencia\/importantes-conferencistas-en-el-congreso-continental-de-derecho-cooperativo\/\" title=\"Importantes conferencistas en el  Congreso continental de Derecho Cooperativo\">Importantes conferencistas en el  Congreso continental de Derecho Cooperativo<\/a><\/h6>\n<\/p><\/div>\n<div class=\"post_img small static\">\n\t\t    \t    \t<a href=\"https:\/\/www.aciamericas.coop\/xxiconferencia\/importantes-conferencistas-en-el-congreso-continental-de-derecho-cooperativo\/\"><br \/>\n\t\t    \t    \t\t<img decoding=\"async\" src=\"https:\/\/www.aciamericas.coop\/xxiconferencia\/wp-content\/uploads\/2017\/02\/30570832146_36d0a44551_o-960x636.jpg\" alt=\"Importantes conferencistas en el  Congreso continental de Derecho Cooperativo\" class=\"\"\/><br \/>\n\t\t                <\/a>\n\t\t    \t    <\/div>\n<div class=\"post_header_wrapper\">\n<p>\nEl&nbsp; Congreso Continental de Derecho<br \/>\nCooperativo que tendr\u00e1 lugar en San Jos\u00e9&#8230;<\/p>\n<div class=\"post_button_wrapper\">\n\t\t\t    \t<a class=\"readmore\" href=\"https:\/\/www.aciamericas.coop\/xxiconferencia\/importantes-conferencistas-en-el-congreso-continental-de-derecho-cooperativo\/\">Read More<span class=\"ti-angle-right\"><\/span><\/a>\n\t\t\t\t\t<\/div>\n<\/p><\/div>\n<\/p><\/div>\n<\/p><\/div>\n<\/div>\n<\/div>\n<\/div>\n<\/div>\n<\/div>\n<\/div>\n<div  class=\"one ppb_fullwidth_button\" style=\"padding:40px 0 40px 0;background-color:#ffffff;\" >\n<div class=\"standard_wrapper\">\n<h2 class=\"title\" style=\"color:;\">DESCARGAR REGLAMENTO CONGRESO CONTINENTAL DE DERECHO COOPERATIVO<\/h2>\n<p><a href=\"https:\/\/www.aciamericas.coop\/xxiconferencia\/wp-content\/uploads\/2019\/06\/REGLAMENTO-Congreso-Derecho-Coopereatvo-2019-Proyecto2.pdf\" class=\"button\" >Descargar aqu\u00ed<\/a><\/div>\n<\/div>\n<div  class=\"one withsmallpadding ppb_header \" style=\"background-position: center top;text-align:center;padding:40px 0 40px 0;\" >\n<div class=\"overlay_background\" style=\"background:#292929;background:rgb(41,41,41,0);background:rgba(41,41,41,0);\"><\/div>\n<div class=\"standard_wrapper\">\n<div class=\"page_content_wrapper\">\n<div class=\"inner\">\n<div style=\"margin:auto;width:100%\">\n<h2 class=\"ppb_title\" style=\";text-align:center;\">Consulta el alojamiento para el Congreso De Derecho Cooperativo<\/h2>\n<div class=\"ppb_header_content\">\n<p><a class=\"button large\" href=\"https:\/\/www.aciamericas.coop\/xxiconferencia\/alojamiento-50-congreso-2\/\" target=\"_blank\" rel=\"noopener noreferrer\"> Click Aqu\u00ed !<\/a><\/p>\n<\/div>\n<\/div>\n<\/div>\n<\/div>\n<\/div>\n<\/div>\n","protected":false},"excerpt":{"rendered":"<p>Programa del congreso continental del derecho cooperativo Ag\u00e9ndate Edificio Cooperativo El Edificio Cooperativo es administrado por el INFOCOOP, all\u00ed adem\u00e1s de encontrar a nuestra oficinal hallar\u00e1 a otros organismos cooperativos como la Comisi\u00f3n Permanente de Cooperativas de Autogesti\u00f3n, el Centro [&hellip;]<\/p>\n","protected":false},"author":2,"featured_media":947,"parent":0,"menu_order":0,"comment_status":"closed","ping_status":"closed","template":"","meta":{"footnotes":""},"class_list":["post-274","page","type-page","status-publish","has-post-thumbnail","hentry"],"_links":{"self":[{"href":"https:\/\/www.aciamericas.coop\/xxiconferencia\/wp-json\/wp\/v2\/pages\/274"}],"collection":[{"href":"https:\/\/www.aciamericas.coop\/xxiconferencia\/wp-json\/wp\/v2\/pages"}],"about":[{"href":"https:\/\/www.aciamericas.coop\/xxiconferencia\/wp-json\/wp\/v2\/types\/page"}],"author":[{"embeddable":true,"href":"https:\/\/www.aciamericas.coop\/xxiconferencia\/wp-json\/wp\/v2\/users\/2"}],"replies":[{"embeddable":true,"href":"https:\/\/www.aciamericas.coop\/xxiconferencia\/wp-json\/wp\/v2\/comments?post=274"}],"version-history":[{"count":49,"href":"https:\/\/www.aciamericas.coop\/xxiconferencia\/wp-json\/wp\/v2\/pages\/274\/revisions"}],"predecessor-version":[{"id":1857,"href":"https:\/\/www.aciamericas.coop\/xxiconferencia\/wp-json\/wp\/v2\/pages\/274\/revisions\/1857"}],"wp:featuredmedia":[{"embeddable":true,"href":"https:\/\/www.aciamericas.coop\/xxiconferencia\/wp-json\/wp\/v2\/media\/947"}],"wp:attachment":[{"href":"https:\/\/www.aciamericas.coop\/xxiconferencia\/wp-json\/wp\/v2\/media?parent=274"}],"curies":[{"name":"wp","href":"https:\/\/api.w.org\/{rel}","templated":true}]}}